{"id":26,"date":"2023-10-26T15:10:56","date_gmt":"2023-10-26T15:10:56","guid":{"rendered":"https:\/\/best-trade-company.de\/?page_id=26"},"modified":"2023-10-26T15:10:56","modified_gmt":"2023-10-26T15:10:56","slug":"an-produzenten","status":"publish","type":"page","link":"https:\/\/best-trade-company.de\/?page_id=26","title":{"rendered":"An Produzenten"},"content":{"rendered":"\n<p class=\"has-x-large-font-size\">&#8212; Jegliche Art von Consulting im Aussenhandel<\/p>\n\n\n\n<p class=\"has-x-large-font-size\">&#8212; Kundenaquise<\/p>\n\n\n\n<p class=\"has-x-large-font-size\">&#8212; Betreuung der laufenden Aussenhandelsgesch\u00e4fte<\/p>\n\n\n\n<p class=\"has-x-large-font-size\">&#8212; jegliche Art von Liefer- und Lagerm\u00f6glichkeiten&nbsp;<\/p>\n\n\n\n<p class=\"has-x-large-font-size\">&#8212; Erstellung aller notwendigen Dokumente f\u00fcr den Endkunden<\/p>\n\n\n\n<p class=\"has-x-large-font-size\">&#8212; jegliche Art von Vorbereitung \/ Kennzeichnung der Waren gem\u00e4\u00df der gesetzlichen Anforderungen im jeweiligen Land<\/p>\n","protected":false},"excerpt":{"rendered":"<p>&#8212; Jegliche Art von Consulting im Aussenhandel &#8212; Kundenaquise &#8212; Betreuung der laufenden Aussenhandelsgesch\u00e4fte &#8212; jegliche Art von Liefer- und Lagerm\u00f6glichkeiten&nbsp; &#8212; Erstellung aller notwendigen Dokumente f\u00fcr den Endkunden &#8212; jegliche Art von Vorbereitung \/ Kennzeichnung der Waren gem\u00e4\u00df der gesetzlichen Anforderungen im jeweiligen Land<\/p>\n","protected":false},"author":1,"featured_media":0,"parent":0,"menu_order":0,"comment_status":"closed","ping_status":"closed","template":"","meta":{"footnotes":""},"_links":{"self":[{"href":"https:\/\/best-trade-company.de\/index.php?rest_route=\/wp\/v2\/pages\/26"}],"collection":[{"href":"https:\/\/best-trade-company.de\/index.php?rest_route=\/wp\/v2\/pages"}],"about":[{"href":"https:\/\/best-trade-company.de\/index.php?rest_route=\/wp\/v2\/types\/page"}],"author":[{"embeddable":true,"href":"https:\/\/best-trade-company.de\/index.php?rest_route=\/wp\/v2\/users\/1"}],"replies":[{"embeddable":true,"href":"https:\/\/best-trade-company.de\/index.php?rest_route=%2Fwp%2Fv2%2Fcomments&post=26"}],"version-history":[{"count":1,"href":"https:\/\/best-trade-company.de\/index.php?rest_route=\/wp\/v2\/pages\/26\/revisions"}],"predecessor-version":[{"id":30,"href":"https:\/\/best-trade-company.de\/index.php?rest_route=\/wp\/v2\/pages\/26\/revisions\/30"}],"wp:attachment":[{"href":"https:\/\/best-trade-company.de\/index.php?rest_route=%2Fwp%2Fv2%2Fmedia&parent=26"}],"curies":[{"name":"wp","href":"https:\/\/api.w.org\/{rel}","templated":true}]}}